{"id":3054,"date":"2020-10-09T11:13:58","date_gmt":"2020-10-09T11:13:58","guid":{"rendered":"https:\/\/matchthemes.com\/demowp\/atis\/?page_id=2"},"modified":"2024-05-11T12:57:01","modified_gmt":"2024-05-11T10:57:01","slug":"contact","status":"publish","type":"page","link":"https:\/\/monogram.com.hr\/en\/contact\/","title":{"rendered":"Contact"},"content":{"rendered":"<div data-elementor-type=\"wp-page\" data-elementor-id=\"3054\" class=\"elementor elementor-3054\">\n\t\t\t\t\t\t<section class=\"elementor-section elementor-top-section elementor-element elementor-element-2ed0cb2 elementor-section-boxed elementor-section-height-default elementor-section-height-default\" data-id=\"2ed0cb2\" data-element_type=\"section\">\n\t\t\t\t\t\t<div class=\"elementor-container elementor-column-gap-default\">\n\t\t\t\t\t<div class=\"elementor-column elementor-col-50 elementor-top-column elementor-element elementor-element-b3e7f21\" data-id=\"b3e7f21\" data-element_type=\"column\" data-settings=\"{&quot;background_background&quot;:&quot;classic&quot;}\">\n\t\t\t<div class=\"elementor-widget-wrap elementor-element-populated\">\n\t\t\t\t\t\t<div class=\"elementor-element elementor-element-0666190 elementor-widget elementor-widget-heading\" data-id=\"0666190\" data-element_type=\"widget\" data-widget_type=\"heading.default\">\n\t\t\t\t<div class=\"elementor-widget-container\">\n\t\t\t<style>\/*! elementor - v3.21.0 - 26-05-2024 *\/\n.elementor-heading-title{padding:0;margin:0;line-height:1}.elementor-widget-heading .elementor-heading-title[class*=elementor-size-]>a{color:inherit;font-size:inherit;line-height:inherit}.elementor-widget-heading .elementor-heading-title.elementor-size-small{font-size:15px}.elementor-widget-heading .elementor-heading-title.elementor-size-medium{font-size:19px}.elementor-widget-heading .elementor-heading-title.elementor-size-large{font-size:29px}.elementor-widget-heading .elementor-heading-title.elementor-size-xl{font-size:39px}.elementor-widget-heading .elementor-heading-title.elementor-size-xxl{font-size:59px}<\/style><h2 class=\"elementor-heading-title elementor-size-default\">Feel free to reach out!<\/h2>\t\t<\/div>\n\t\t\t\t<\/div>\n\t\t\t\t<div class=\"elementor-element elementor-element-741ba28 elementor-widget elementor-widget-text-editor\" data-id=\"741ba28\" data-element_type=\"widget\" data-widget_type=\"text-editor.default\">\n\t\t\t\t<div class=\"elementor-widget-container\">\n\t\t\t<style>\/*! elementor - v3.21.0 - 26-05-2024 *\/\n.elementor-widget-text-editor.elementor-drop-cap-view-stacked .elementor-drop-cap{background-color:#69727d;color:#fff}.elementor-widget-text-editor.elementor-drop-cap-view-framed .elementor-drop-cap{color:#69727d;border:3px solid;background-color:transparent}.elementor-widget-text-editor:not(.elementor-drop-cap-view-default) .elementor-drop-cap{margin-top:8px}.elementor-widget-text-editor:not(.elementor-drop-cap-view-default) .elementor-drop-cap-letter{width:1em;height:1em}.elementor-widget-text-editor .elementor-drop-cap{float:left;text-align:center;line-height:1;font-size:50px}.elementor-widget-text-editor .elementor-drop-cap-letter{display:inline-block}<\/style>\t\t\t\t<p>Whether you need translation services for business texts, legal documents, or content review and proofreading, translation of website content, or interpreting services, please don't hesitate to reach out to us.<\/p>\t\t\t\t\t\t<\/div>\n\t\t\t\t<\/div>\n\t\t\t\t<div class=\"elementor-element elementor-element-a4a797a elementor-position-left pcolor-circle iconbox-mobi elementor-view-default elementor-mobile-position-top elementor-vertical-align-top elementor-widget elementor-widget-icon-box\" data-id=\"a4a797a\" data-element_type=\"widget\" data-widget_type=\"icon-box.default\">\n\t\t\t\t<div class=\"elementor-widget-container\">\n\t\t\t<link rel=\"stylesheet\" href=\"https:\/\/monogram.com.hr\/wp-content\/plugins\/elementor\/assets\/css\/widget-icon-box.min.css\">\t\t<div class=\"elementor-icon-box-wrapper\">\n\n\t\t\t\t\t\t<div class=\"elementor-icon-box-icon\">\n\t\t\t\t<span  class=\"elementor-icon elementor-animation-\">\n\t\t\t\t<svg aria-hidden=\"true\" class=\"e-font-icon-svg e-fas-phone-alt\" viewbox=\"0 0 512 512\" xmlns=\"http:\/\/www.w3.org\/2000\/svg\"><path d=\"M497.39 361.8l-112-48a24 24 0 0 0-28 6.9l-49.6 60.6A370.66 370.66 0 0 1 130.6 204.11l60.6-49.6a23.94 23.94 0 0 0 6.9-28l-48-112A24.16 24.16 0 0 0 122.6.61l-104 24A24 24 0 0 0 0 48c0 256.5 207.9 464 464 464a24 24 0 0 0 23.4-18.6l24-104a24.29 24.29 0 0 0-14.01-27.6z\"><\/path><\/svg>\t\t\t\t<\/span>\n\t\t\t<\/div>\n\t\t\t\n\t\t\t\t\t\t<div class=\"elementor-icon-box-content\">\n\n\t\t\t\t\t\t\t\t\t<h5 class=\"elementor-icon-box-title\">\n\t\t\t\t\t\t<span  >\n\t\t\t\t\t\t\tCall us\t\t\t\t\t\t<\/span>\n\t\t\t\t\t<\/h5>\n\t\t\t\t\n\t\t\t\t\t\t\t\t\t<p class=\"elementor-icon-box-description\">\n\t\t\t\t\t\t+385992037788\t\t\t\t\t<\/p>\n\t\t\t\t\n\t\t\t<\/div>\n\t\t\t\n\t\t<\/div>\n\t\t\t\t<\/div>\n\t\t\t\t<\/div>\n\t\t\t\t<div class=\"elementor-element elementor-element-bf051cd elementor-position-left pcolor-circle iconbox-mobi elementor-view-default elementor-mobile-position-top elementor-vertical-align-top elementor-widget elementor-widget-icon-box\" data-id=\"bf051cd\" data-element_type=\"widget\" data-widget_type=\"icon-box.default\">\n\t\t\t\t<div class=\"elementor-widget-container\">\n\t\t\t\t\t<div class=\"elementor-icon-box-wrapper\">\n\n\t\t\t\t\t\t<div class=\"elementor-icon-box-icon\">\n\t\t\t\t<span  class=\"elementor-icon elementor-animation-\">\n\t\t\t\t<svg aria-hidden=\"true\" class=\"e-font-icon-svg e-far-envelope\" viewbox=\"0 0 512 512\" xmlns=\"http:\/\/www.w3.org\/2000\/svg\"><path d=\"M464 64H48C21.49 64 0 85.49 0 112v288c0 26.51 21.49 48 48 48h416c26.51 0 48-21.49 48-48V112c0-26.51-21.49-48-48-48zm0 48v40.805c-22.422 18.259-58.168 46.651-134.587 106.49-16.841 13.247-50.201 45.072-73.413 44.701-23.208.375-56.579-31.459-73.413-44.701C106.18 199.465 70.425 171.067 48 152.805V112h416zM48 400V214.398c22.914 18.251 55.409 43.862 104.938 82.646 21.857 17.205 60.134 55.186 103.062 54.955 42.717.231 80.509-37.199 103.053-54.947 49.528-38.783 82.032-64.401 104.947-82.653V400H48z\"><\/path><\/svg>\t\t\t\t<\/span>\n\t\t\t<\/div>\n\t\t\t\n\t\t\t\t\t\t<div class=\"elementor-icon-box-content\">\n\n\t\t\t\t\t\t\t\t\t<h5 class=\"elementor-icon-box-title\">\n\t\t\t\t\t\t<span  >\n\t\t\t\t\t\t\tSend an email\t\t\t\t\t\t<\/span>\n\t\t\t\t\t<\/h5>\n\t\t\t\t\n\t\t\t\t\t\t\t\t\t<p class=\"elementor-icon-box-description\">\n\t\t\t\t\t\tinfo@monogram.com.hr\t\t\t\t\t<\/p>\n\t\t\t\t\n\t\t\t<\/div>\n\t\t\t\n\t\t<\/div>\n\t\t\t\t<\/div>\n\t\t\t\t<\/div>\n\t\t\t\t<div class=\"elementor-element elementor-element-5f00928 elementor-position-left pcolor-circle iconbox-mobi elementor-view-default elementor-mobile-position-top elementor-vertical-align-top elementor-widget elementor-widget-icon-box\" data-id=\"5f00928\" data-element_type=\"widget\" data-widget_type=\"icon-box.default\">\n\t\t\t\t<div class=\"elementor-widget-container\">\n\t\t\t\t\t<div class=\"elementor-icon-box-wrapper\">\n\n\t\t\t\t\t\t<div class=\"elementor-icon-box-icon\">\n\t\t\t\t<span  class=\"elementor-icon elementor-animation-\">\n\t\t\t\t<svg aria-hidden=\"true\" class=\"e-font-icon-svg e-fas-map-marker-alt\" viewbox=\"0 0 384 512\" xmlns=\"http:\/\/www.w3.org\/2000\/svg\"><path d=\"M172.268 501.67C26.97 291.031 0 269.413 0 192 0 85.961 85.961 0 192 0s192 85.961 192 192c0 77.413-26.97 99.031-172.268 309.67-9.535 13.774-29.93 13.773-39.464 0zM192 272c44.183 0 80-35.817 80-80s-35.817-80-80-80-80 35.817-80 80 35.817 80 80 80z\"><\/path><\/svg>\t\t\t\t<\/span>\n\t\t\t<\/div>\n\t\t\t\n\t\t\t\t\t\t<div class=\"elementor-icon-box-content\">\n\n\t\t\t\t\t\t\t\t\t<h5 class=\"elementor-icon-box-title\">\n\t\t\t\t\t\t<span  >\n\t\t\t\t\t\t\tVisit us\t\t\t\t\t\t<\/span>\n\t\t\t\t\t<\/h5>\n\t\t\t\t\n\t\t\t\t\t\t\t\t\t<p class=\"elementor-icon-box-description\">\n\t\t\t\t\t\t Sjenjak 103, Osijek\t\t\t\t\t<\/p>\n\t\t\t\t\n\t\t\t<\/div>\n\t\t\t\n\t\t<\/div>\n\t\t\t\t<\/div>\n\t\t\t\t<\/div>\n\t\t\t\t\t<\/div>\n\t\t<\/div>\n\t\t\t\t<div class=\"elementor-column elementor-col-50 elementor-top-column elementor-element elementor-element-4d87695\" data-id=\"4d87695\" data-element_type=\"column\">\n\t\t\t<div class=\"elementor-widget-wrap elementor-element-populated\">\n\t\t\t\t\t\t<div class=\"elementor-element elementor-element-5888e60 elementor-widget elementor-widget-heading\" data-id=\"5888e60\" data-element_type=\"widget\" data-widget_type=\"heading.default\">\n\t\t\t\t<div class=\"elementor-widget-container\">\n\t\t\t<h2 class=\"elementor-heading-title elementor-size-default\">Send us an email<\/h2>\t\t<\/div>\n\t\t\t\t<\/div>\n\t\t\t\t<div class=\"elementor-element elementor-element-033c3e9 elementor-widget elementor-widget-shortcode\" data-id=\"033c3e9\" data-element_type=\"widget\" data-widget_type=\"shortcode.default\">\n\t\t\t\t<div class=\"elementor-widget-container\">\n\t\t\t\t\t<div class=\"elementor-shortcode\">\n<div class=\"wpcf7 no-js\" id=\"wpcf7-f8-o1\" lang=\"hr\" dir=\"ltr\">\n<div class=\"screen-reader-response\"><p role=\"status\" aria-live=\"polite\" aria-atomic=\"true\"><\/p> <ul><\/ul><\/div>\n<form action=\"\/en\/wp-json\/wp\/v2\/pages\/3054#wpcf7-f8-o1\" method=\"post\" class=\"wpcf7-form init\" aria-label=\"Kontakt obrazac\" novalidate=\"novalidate\" data-status=\"init\" data-trp-original-action=\"\/en\/wp-json\/wp\/v2\/pages\/3054#wpcf7-f8-o1\">\n<div style=\"display: none;\">\n<input type=\"hidden\" name=\"_wpcf7\" value=\"8\" \/>\n<input type=\"hidden\" name=\"_wpcf7_version\" value=\"5.9.5\" \/>\n<input type=\"hidden\" name=\"_wpcf7_locale\" value=\"hr\" \/>\n<input type=\"hidden\" name=\"_wpcf7_unit_tag\" value=\"wpcf7-f8-o1\" \/>\n<input type=\"hidden\" name=\"_wpcf7_container_post\" value=\"0\" \/>\n<input type=\"hidden\" name=\"_wpcf7_posted_data_hash\" value=\"\" \/>\n<\/div>\n<div class=\"contact-form-custom\">\n\t<div>\n\t\t<p><em><strong>*<\/strong>Fields marked with an asterisk are required<\/em>\n\t\t<\/p>\n\t<\/div>\n\t<div class=\"half\">\n\t\t<p><label> Name and last name*<br \/>\n<span class=\"wpcf7-form-control-wrap\" data-name=\"your-name\"><input size=\"40\" class=\"wpcf7-form-control wpcf7-text wpcf7-validates-as-required\" autocomplete=\"name\" aria-required=\"true\" aria-invalid=\"false\" value=\"\" type=\"text\" name=\"your-name\" \/><\/span> <\/label>\n\t\t<\/p>\n\t<\/div>\n\t<div class=\"half\">\n\t\t<p><label> Email*<br \/>\n<span class=\"wpcf7-form-control-wrap\" data-name=\"your-email\"><input size=\"40\" class=\"wpcf7-form-control wpcf7-email wpcf7-validates-as-required wpcf7-text wpcf7-validates-as-email\" autocomplete=\"email\" aria-required=\"true\" aria-invalid=\"false\" value=\"\" type=\"email\" name=\"your-email\" \/><\/span> <\/label>\n\t\t<\/p>\n\t<\/div>\n\t<div class=\"half\">\n\t\t<p><label> Phone number<br \/>\n<span class=\"wpcf7-form-control-wrap\" data-name=\"telephone\"><input size=\"40\" class=\"wpcf7-form-control wpcf7-tel wpcf7-text wpcf7-validates-as-tel\" aria-invalid=\"false\" value=\"\" type=\"tel\" name=\"telephone\" \/><\/span><\/label>\n\t\t<\/p>\n\t<\/div>\n\t<div class=\"half\">\n\t\t<p><label> Service<br \/>\n<span class=\"wpcf7-form-control-wrap\" data-name=\"vrsta-usluge\"><select class=\"wpcf7-form-control wpcf7-select\" aria-invalid=\"false\" name=\"vrsta-usluge\"><option value=\"Lektoriranje\">Proofreading<\/option><option value=\"Prijevodi\">Translations<\/option><option value=\"Prijevodi s ovjerom\">Legal translations<\/option><option value=\"Ostalo\">Other<\/option><\/select><\/span><\/label>\n\t\t<\/p>\n\t<\/div>\n\t<div>\n\t\t<p><label> Subject*<br \/>\n<span class=\"wpcf7-form-control-wrap\" data-name=\"your-subject\"><input size=\"40\" class=\"wpcf7-form-control wpcf7-text wpcf7-validates-as-required\" aria-required=\"true\" aria-invalid=\"false\" value=\"\" type=\"text\" name=\"your-subject\" \/><\/span> <\/label>\n\t\t<\/p>\n\t<\/div>\n\t<div>\n\t\t<p><label> Your message<br \/>\n<span class=\"wpcf7-form-control-wrap\" data-name=\"your-message\"><textarea cols=\"40\" rows=\"10\" class=\"wpcf7-form-control wpcf7-textarea\" aria-invalid=\"false\" name=\"your-message\"><\/textarea><\/span> <\/label>\n\t\t<\/p>\n\t<\/div>\n\t<p><input class=\"wpcf7-form-control wpcf7-submit has-spinner\" type=\"submit\" value=\"Submit\" \/>\n\t<\/p>\n<\/div><div class=\"wpcf7-response-output\" aria-hidden=\"true\"><\/div>\n<input type=\"hidden\" name=\"trp-form-language\" value=\"en\"\/><\/form>\n<\/div>\n<\/div>\n\t\t\t\t<\/div>\n\t\t\t\t<\/div>\n\t\t\t\t\t<\/div>\n\t\t<\/div>\n\t\t\t\t\t<\/div>\n\t\t<\/section>\n\t\t\t\t<\/div>","protected":false},"excerpt":{"rendered":"<p>Obratite nam se s povjerenjem! Trebate li uslugu prijevoda poslovnih tekstova, pravnih tekstova ili dokumenata, pregled i lekturu sadr\u017eaja, prijevod sadr\u017eaja za web stranice ili uslugu usmenog prevo\u0111enja slobodno nas kontaktirajte. Nazovite nas +385992037788 Po\u0161aljite email info@monogram.com.hr Posjetite nas Sjenjak&#8230;<\/p>","protected":false},"author":1,"featured_media":14,"parent":0,"menu_order":0,"comment_status":"closed","ping_status":"closed","template":"templates\/template-fullscreen.php","meta":{"footnotes":""},"class_list":["post-3054","page","type-page","status-publish","has-post-thumbnail","hentry"],"yoast_head":"<!-- This site is optimized with the Yoast SEO plugin v22.8 - https:\/\/yoast.com\/wordpress\/plugins\/seo\/ -->\n<title>Kontaktirajte nas za prijevode za engleski<\/title>\n<meta name=\"description\" content=\"Obratite nam se s povjerenjem za sve oblike poslovnih ili pravnih prijevoda za engleski jezik ili pak uslugu usmenog prevo\u0111enja.\" \/>\n<meta name=\"robots\" content=\"index, follow, max-snippet:-1, max-image-preview:large, max-video-preview:-1\" \/>\n<link rel=\"canonical\" href=\"https:\/\/monogram.com.hr\/en\/contact\/\" \/>\n<meta property=\"og:locale\" content=\"en_GB\" \/>\n<meta property=\"og:type\" content=\"article\" \/>\n<meta property=\"og:title\" content=\"Kontaktirajte nas za prijevode za engleski\" \/>\n<meta property=\"og:description\" content=\"Obratite nam se s povjerenjem za sve oblike poslovnih ili pravnih prijevoda za engleski jezik ili pak uslugu usmenog prevo\u0111enja.\" \/>\n<meta property=\"og:url\" content=\"https:\/\/monogram.com.hr\/en\/contact\/\" \/>\n<meta property=\"og:site_name\" content=\"Monogram\" \/>\n<meta property=\"article:modified_time\" content=\"2024-05-11T10:57:01+00:00\" \/>\n<meta property=\"og:image\" content=\"https:\/\/monogram.com.hr\/wp-content\/uploads\/2020\/10\/contact-us1.jpg\" \/>\n\t<meta property=\"og:image:width\" content=\"1920\" \/>\n\t<meta property=\"og:image:height\" content=\"600\" \/>\n\t<meta property=\"og:image:type\" content=\"image\/jpeg\" \/>\n<meta name=\"twitter:card\" content=\"summary_large_image\" \/>\n<meta name=\"twitter:label1\" content=\"Estimated reading time\" \/>\n\t<meta name=\"twitter:data1\" content=\"1 minute\" \/>\n<script type=\"application\/ld+json\" class=\"yoast-schema-graph\">{\"@context\":\"https:\/\/schema.org\",\"@graph\":[{\"@type\":\"WebPage\",\"@id\":\"https:\/\/monogram.com.hr\/contact\/\",\"url\":\"https:\/\/monogram.com.hr\/contact\/\",\"name\":\"Kontaktirajte nas za prijevode za engleski\",\"isPartOf\":{\"@id\":\"https:\/\/monogram.com.hr\/#website\"},\"primaryImageOfPage\":{\"@id\":\"https:\/\/monogram.com.hr\/contact\/#primaryimage\"},\"image\":{\"@id\":\"https:\/\/monogram.com.hr\/contact\/#primaryimage\"},\"thumbnailUrl\":\"https:\/\/monogram.com.hr\/wp-content\/uploads\/2020\/10\/contact-us1.jpg\",\"datePublished\":\"2020-10-09T11:13:58+00:00\",\"dateModified\":\"2024-05-11T10:57:01+00:00\",\"description\":\"Obratite nam se s povjerenjem za sve oblike poslovnih ili pravnih prijevoda za engleski jezik ili pak uslugu usmenog prevo\u0111enja.\",\"breadcrumb\":{\"@id\":\"https:\/\/monogram.com.hr\/contact\/#breadcrumb\"},\"inLanguage\":\"en-GB\",\"potentialAction\":[{\"@type\":\"ReadAction\",\"target\":[\"https:\/\/monogram.com.hr\/contact\/\"]}]},{\"@type\":\"ImageObject\",\"inLanguage\":\"en-GB\",\"@id\":\"https:\/\/monogram.com.hr\/contact\/#primaryimage\",\"url\":\"https:\/\/monogram.com.hr\/wp-content\/uploads\/2020\/10\/contact-us1.jpg\",\"contentUrl\":\"https:\/\/monogram.com.hr\/wp-content\/uploads\/2020\/10\/contact-us1.jpg\",\"width\":1920,\"height\":600},{\"@type\":\"BreadcrumbList\",\"@id\":\"https:\/\/monogram.com.hr\/contact\/#breadcrumb\",\"itemListElement\":[{\"@type\":\"ListItem\",\"position\":1,\"name\":\"Po\u010detna stranica\",\"item\":\"https:\/\/monogram.com.hr\/\"},{\"@type\":\"ListItem\",\"position\":2,\"name\":\"Kontakt\"}]},{\"@type\":\"WebSite\",\"@id\":\"https:\/\/monogram.com.hr\/#website\",\"url\":\"https:\/\/monogram.com.hr\/\",\"name\":\"Monogram\",\"description\":\"Sigurnost u svakom prijevodu\",\"publisher\":{\"@id\":\"https:\/\/monogram.com.hr\/#organization\"},\"potentialAction\":[{\"@type\":\"SearchAction\",\"target\":{\"@type\":\"EntryPoint\",\"urlTemplate\":\"https:\/\/monogram.com.hr\/?s={search_term_string}\"},\"query-input\":\"required name=search_term_string\"}],\"inLanguage\":\"en-GB\"},{\"@type\":\"Organization\",\"@id\":\"https:\/\/monogram.com.hr\/#organization\",\"name\":\"Monogram\",\"url\":\"https:\/\/monogram.com.hr\/\",\"logo\":{\"@type\":\"ImageObject\",\"inLanguage\":\"en-GB\",\"@id\":\"https:\/\/monogram.com.hr\/#\/schema\/logo\/image\/\",\"url\":\"https:\/\/monogram.com.hr\/wp-content\/uploads\/2024\/03\/logo.svg\",\"contentUrl\":\"https:\/\/monogram.com.hr\/wp-content\/uploads\/2024\/03\/logo.svg\",\"width\":1151,\"height\":396,\"caption\":\"Monogram\"},\"image\":{\"@id\":\"https:\/\/monogram.com.hr\/#\/schema\/logo\/image\/\"}}]}<\/script>\n<!-- \/ Yoast SEO plugin. -->","yoast_head_json":{"title":"Kontaktirajte nas za prijevode za engleski","description":"Obratite nam se s povjerenjem za sve oblike poslovnih ili pravnih prijevoda za engleski jezik ili pak uslugu usmenog prevo\u0111enja.","robots":{"index":"index","follow":"follow","max-snippet":"max-snippet:-1","max-image-preview":"max-image-preview:large","max-video-preview":"max-video-preview:-1"},"canonical":"https:\/\/monogram.com.hr\/en\/contact\/","og_locale":"en_GB","og_type":"article","og_title":"Kontaktirajte nas za prijevode za engleski","og_description":"Obratite nam se s povjerenjem za sve oblike poslovnih ili pravnih prijevoda za engleski jezik ili pak uslugu usmenog prevo\u0111enja.","og_url":"https:\/\/monogram.com.hr\/en\/contact\/","og_site_name":"Monogram","article_modified_time":"2024-05-11T10:57:01+00:00","og_image":[{"width":1920,"height":600,"url":"https:\/\/monogram.com.hr\/wp-content\/uploads\/2020\/10\/contact-us1.jpg","type":"image\/jpeg"}],"twitter_card":"summary_large_image","twitter_misc":{"Estimated reading time":"1 minute"},"schema":{"@context":"https:\/\/schema.org","@graph":[{"@type":"WebPage","@id":"https:\/\/monogram.com.hr\/contact\/","url":"https:\/\/monogram.com.hr\/contact\/","name":"Kontaktirajte nas za prijevode za engleski","isPartOf":{"@id":"https:\/\/monogram.com.hr\/#website"},"primaryImageOfPage":{"@id":"https:\/\/monogram.com.hr\/contact\/#primaryimage"},"image":{"@id":"https:\/\/monogram.com.hr\/contact\/#primaryimage"},"thumbnailUrl":"https:\/\/monogram.com.hr\/wp-content\/uploads\/2020\/10\/contact-us1.jpg","datePublished":"2020-10-09T11:13:58+00:00","dateModified":"2024-05-11T10:57:01+00:00","description":"Obratite nam se s povjerenjem za sve oblike poslovnih ili pravnih prijevoda za engleski jezik ili pak uslugu usmenog prevo\u0111enja.","breadcrumb":{"@id":"https:\/\/monogram.com.hr\/contact\/#breadcrumb"},"inLanguage":"en-GB","potentialAction":[{"@type":"ReadAction","target":["https:\/\/monogram.com.hr\/contact\/"]}]},{"@type":"ImageObject","inLanguage":"en-GB","@id":"https:\/\/monogram.com.hr\/contact\/#primaryimage","url":"https:\/\/monogram.com.hr\/wp-content\/uploads\/2020\/10\/contact-us1.jpg","contentUrl":"https:\/\/monogram.com.hr\/wp-content\/uploads\/2020\/10\/contact-us1.jpg","width":1920,"height":600},{"@type":"BreadcrumbList","@id":"https:\/\/monogram.com.hr\/contact\/#breadcrumb","itemListElement":[{"@type":"ListItem","position":1,"name":"Po\u010detna stranica","item":"https:\/\/monogram.com.hr\/"},{"@type":"ListItem","position":2,"name":"Kontakt"}]},{"@type":"WebSite","@id":"https:\/\/monogram.com.hr\/#website","url":"https:\/\/monogram.com.hr\/","name":"Monogram","description":"Sigurnost u svakom prijevodu","publisher":{"@id":"https:\/\/monogram.com.hr\/#organization"},"potentialAction":[{"@type":"SearchAction","target":{"@type":"EntryPoint","urlTemplate":"https:\/\/monogram.com.hr\/?s={search_term_string}"},"query-input":"required name=search_term_string"}],"inLanguage":"en-GB"},{"@type":"Organization","@id":"https:\/\/monogram.com.hr\/#organization","name":"Monogram","url":"https:\/\/monogram.com.hr\/","logo":{"@type":"ImageObject","inLanguage":"en-GB","@id":"https:\/\/monogram.com.hr\/#\/schema\/logo\/image\/","url":"https:\/\/monogram.com.hr\/wp-content\/uploads\/2024\/03\/logo.svg","contentUrl":"https:\/\/monogram.com.hr\/wp-content\/uploads\/2024\/03\/logo.svg","width":1151,"height":396,"caption":"Monogram"},"image":{"@id":"https:\/\/monogram.com.hr\/#\/schema\/logo\/image\/"}}]}},"_links":{"self":[{"href":"https:\/\/monogram.com.hr\/en\/wp-json\/wp\/v2\/pages\/3054","targetHints":{"allow":["GET"]}}],"collection":[{"href":"https:\/\/monogram.com.hr\/en\/wp-json\/wp\/v2\/pages"}],"about":[{"href":"https:\/\/monogram.com.hr\/en\/wp-json\/wp\/v2\/types\/page"}],"author":[{"embeddable":true,"href":"https:\/\/monogram.com.hr\/en\/wp-json\/wp\/v2\/users\/1"}],"replies":[{"embeddable":true,"href":"https:\/\/monogram.com.hr\/en\/wp-json\/wp\/v2\/comments?post=3054"}],"version-history":[{"count":11,"href":"https:\/\/monogram.com.hr\/en\/wp-json\/wp\/v2\/pages\/3054\/revisions"}],"predecessor-version":[{"id":3839,"href":"https:\/\/monogram.com.hr\/en\/wp-json\/wp\/v2\/pages\/3054\/revisions\/3839"}],"wp:featuredmedia":[{"embeddable":true,"href":"https:\/\/monogram.com.hr\/en\/wp-json\/wp\/v2\/media\/14"}],"wp:attachment":[{"href":"https:\/\/monogram.com.hr\/en\/wp-json\/wp\/v2\/media?parent=3054"}],"curies":[{"name":"wp","href":"https:\/\/api.w.org\/{rel}","templated":true}]}}