{"id":3545,"date":"2024-04-14T08:59:53","date_gmt":"2024-04-14T06:59:53","guid":{"rendered":"https:\/\/app.monogram.test\/?page_id=3545"},"modified":"2024-07-08T19:24:25","modified_gmt":"2024-07-08T17:24:25","slug":"strucno-i-profesionalno-prevodenje","status":"publish","type":"page","link":"https:\/\/monogram.com.hr\/en\/usluge\/strucno-i-profesionalno-prevodenje\/","title":{"rendered":"Interpreting services"},"content":{"rendered":"<style>\/*! elementor - v3.21.0 - 25-04-2024 *\/<br \/>\n.elementor-heading-title{padding:0;margin:0;line-height:1}.elementor-widget-heading .elementor-heading-title[class*=elementor-size-]>a{color:inherit;font-size:inherit;line-height:inherit}.elementor-widget-heading .elementor-heading-title.elementor-size-small{font-size:15px}.elementor-widget-heading .elementor-heading-title.elementor-size-medium{font-size:19px}.elementor-widget-heading .elementor-heading-title.elementor-size-large{font-size:29px}.elementor-widget-heading .elementor-heading-title.elementor-size-xl{font-size:39px}.elementor-widget-heading .elementor-heading-title.elementor-size-xxl{font-size:59px}<\/style>\n<h2>What are Interpreting services?<\/h2>\n<p>Oral translation is a complex process in which texts are translated from one language to another while retaining their original essence, context, and style. This form of translation requires not only highly developed language skills but also expertise in specific fields such as law, medicine, science, or technology.<\/p>\n<p class=\"p1\">Depending on the situation, interpreting can be <strong>simultaneous<\/strong>, <strong>consecutive<\/strong> or <strong>whispered<\/strong>.<\/p>\n<h3>What is simultaneous interpreting?<\/h3>\n<p class=\"p2 translation-block\"><b>Simultaneous interpreting<\/b> is a sophisticated process where the speaker's words are translated in real-time, enabling smooth and uninterrupted communication between people who speak different languages. This technique is often used at conferences, meetings, or events with international participants.<\/p>\n<p class=\"p2\">The importance of simultaneous interpreting lies in its speed, precision, and maintenance of communication continuity. The speaker can express their thoughts without significant pauses, while the interpreter simultaneously conveys the messages to listeners in another language. This technique is particularly crucial in situations where urgency and fluidity are key, such as business negotiations, international conferences, or political discussions.<\/p>\n<p class=\"p2\">In a world where fast communication and accuracy are essential, simultaneous interpreting plays an irreplaceable role in bridging language barriers and promoting successful global interaction.<\/p>\n<h3>What is consecutive interpreting?<\/h3>\n<p class=\"p2\"><span class=\"s1\"><b>Consecutive interpreting<\/b><\/span> is an approach where the speaker delivers segments of their speech and then waits while the interpreter conveys those parts in another language. This method provides deeper understanding and accuracy in conveying information, and is often used in smaller groups, meetings, or ceremonies where clear communication is crucial.<\/p>\n<p class=\"p2\">The importance of consecutive interpreting lies in the careful analysis and precision made possible by the additional time the interpreter has to process the information. This approach allows for a thorough understanding of the messages, especially when dealing with complex or technical concepts. Moreover, consecutive interpreting enables participants to express their thoughts without interruption, contributing to deeper dialogue.<\/p>\n<p class=\"p2\">The significance of consecutive interpreting is particularly evident in legal, medical, and diplomatic contexts, where it is essential to preserve accuracy and nuances of expression.<\/p>\n<p>The importance of expert and professional translation arises from the need for precise and accurate communication in a globalized society. In a business context, properly translated documents and contracts are crucial for successful collaboration between different language communities. In scientific research, accurate translation of specialized texts ensures the validity of results and their global accessibility.<\/p>\n<p>Furthermore, professional translation is important culturally as it enables the dissemination of ideas, literary works, and cultural diversity worldwide. Well-translated texts are often essential for preserving cultural heritage and understanding international perspectives.<\/p>\n<p>Ultimately, expert and professional translation plays a key role in connecting people, companies, and societies across the globe, fostering cooperation, the exchange of ideas, and enhancing global communication.<\/p>\n<p><strong>METHOD AND PLACE OF DELIVERY OF TRANSLATIONS<\/strong><br \/>\nOur court interpreters deliver certified translations to clients at our office at Sjenjak 103, Osijek, at an agreed time.<\/p>\n<p><strong>TRANSLATION DELIVERY TIME<\/strong><br \/>\nThe client and the court interpreters agree on the delivery time for the translations. Smaller translations are delivered within a day or two. In urgent cases, we can deliver even faster.<\/p>","protected":false},"excerpt":{"rendered":"<p>\u0160to je usmeno prevo\u0111enje? Stru\u010dno i profesionalno usmeno prevo\u0111enje je kompleksan proces kojim se tekstovi prevode s jednog jezika na drugi uz zadr\u017eavanje njihove izvorne su\u0161tine, konteksta i stila. Ovaj oblik prevo\u0111enja zahtijeva ne samo visoko razvijene jezi\u010dne vje\u0161tine, ve\u0107&#8230;<\/p>","protected":false},"author":1,"featured_media":471,"parent":3351,"menu_order":1,"comment_status":"closed","ping_status":"closed","template":"page-usluge.php","meta":{"footnotes":""},"class_list":["post-3545","page","type-page","status-publish","has-post-thumbnail","hentry"],"yoast_head":"<!-- This site is optimized with the Yoast SEO plugin v22.8 - https:\/\/yoast.com\/wordpress\/plugins\/seo\/ -->\n<title>Stru\u010dno i profesionalno prevo\u0111enje<\/title>\n<meta name=\"description\" content=\"Stru\u010dno i profesionalno prevo\u0111enje je proces prijevoda s jednog jezika na drugi uz zadr\u017eavanje njihove izvorne su\u0161tine, konteksta i stila.\" \/>\n<meta name=\"robots\" content=\"index, follow, max-snippet:-1, max-image-preview:large, max-video-preview:-1\" \/>\n<link rel=\"canonical\" href=\"https:\/\/monogram.com.hr\/en\/usluge\/strucno-i-profesionalno-prevodenje\/\" \/>\n<meta property=\"og:locale\" content=\"en_GB\" \/>\n<meta property=\"og:type\" content=\"article\" \/>\n<meta property=\"og:title\" content=\"Stru\u010dno i profesionalno prevo\u0111enje\" \/>\n<meta property=\"og:description\" content=\"Stru\u010dno i profesionalno prevo\u0111enje je proces prijevoda s jednog jezika na drugi uz zadr\u017eavanje njihove izvorne su\u0161tine, konteksta i stila.\" \/>\n<meta property=\"og:url\" content=\"https:\/\/monogram.com.hr\/en\/usluge\/strucno-i-profesionalno-prevodenje\/\" \/>\n<meta property=\"og:site_name\" content=\"Monogram\" \/>\n<meta property=\"article:modified_time\" content=\"2024-07-08T17:24:25+00:00\" \/>\n<meta property=\"og:image\" content=\"https:\/\/monogram.com.hr\/wp-content\/uploads\/2020\/11\/blog-1.jpg\" \/>\n\t<meta property=\"og:image:width\" content=\"1920\" \/>\n\t<meta property=\"og:image:height\" content=\"800\" \/>\n\t<meta property=\"og:image:type\" content=\"image\/jpeg\" \/>\n<meta name=\"twitter:card\" content=\"summary_large_image\" \/>\n<meta name=\"twitter:label1\" content=\"Estimated reading time\" \/>\n\t<meta name=\"twitter:data1\" content=\"3 minutes\" \/>\n<script type=\"application\/ld+json\" class=\"yoast-schema-graph\">{\"@context\":\"https:\/\/schema.org\",\"@graph\":[{\"@type\":\"WebPage\",\"@id\":\"https:\/\/monogram.com.hr\/usluge\/strucno-i-profesionalno-prevodenje\/\",\"url\":\"https:\/\/monogram.com.hr\/usluge\/strucno-i-profesionalno-prevodenje\/\",\"name\":\"Stru\u010dno i profesionalno prevo\u0111enje\",\"isPartOf\":{\"@id\":\"https:\/\/monogram.com.hr\/#website\"},\"primaryImageOfPage\":{\"@id\":\"https:\/\/monogram.com.hr\/usluge\/strucno-i-profesionalno-prevodenje\/#primaryimage\"},\"image\":{\"@id\":\"https:\/\/monogram.com.hr\/usluge\/strucno-i-profesionalno-prevodenje\/#primaryimage\"},\"thumbnailUrl\":\"https:\/\/monogram.com.hr\/wp-content\/uploads\/2020\/11\/blog-1.jpg\",\"datePublished\":\"2024-04-14T06:59:53+00:00\",\"dateModified\":\"2024-07-08T17:24:25+00:00\",\"description\":\"Stru\u010dno i profesionalno prevo\u0111enje je proces prijevoda s jednog jezika na drugi uz zadr\u017eavanje njihove izvorne su\u0161tine, konteksta i stila.\",\"breadcrumb\":{\"@id\":\"https:\/\/monogram.com.hr\/usluge\/strucno-i-profesionalno-prevodenje\/#breadcrumb\"},\"inLanguage\":\"en-GB\",\"potentialAction\":[{\"@type\":\"ReadAction\",\"target\":[\"https:\/\/monogram.com.hr\/usluge\/strucno-i-profesionalno-prevodenje\/\"]}]},{\"@type\":\"ImageObject\",\"inLanguage\":\"en-GB\",\"@id\":\"https:\/\/monogram.com.hr\/usluge\/strucno-i-profesionalno-prevodenje\/#primaryimage\",\"url\":\"https:\/\/monogram.com.hr\/wp-content\/uploads\/2020\/11\/blog-1.jpg\",\"contentUrl\":\"https:\/\/monogram.com.hr\/wp-content\/uploads\/2020\/11\/blog-1.jpg\",\"width\":1920,\"height\":800},{\"@type\":\"BreadcrumbList\",\"@id\":\"https:\/\/monogram.com.hr\/usluge\/strucno-i-profesionalno-prevodenje\/#breadcrumb\",\"itemListElement\":[{\"@type\":\"ListItem\",\"position\":1,\"name\":\"Po\u010detna stranica\",\"item\":\"https:\/\/monogram.com.hr\/\"},{\"@type\":\"ListItem\",\"position\":2,\"name\":\"Usluge\",\"item\":\"https:\/\/monogram.com.hr\/usluge\/\"},{\"@type\":\"ListItem\",\"position\":3,\"name\":\"Usmeno prevo\u0111enje\"}]},{\"@type\":\"WebSite\",\"@id\":\"https:\/\/monogram.com.hr\/#website\",\"url\":\"https:\/\/monogram.com.hr\/\",\"name\":\"Monogram\",\"description\":\"Sigurnost u svakom prijevodu\",\"publisher\":{\"@id\":\"https:\/\/monogram.com.hr\/#organization\"},\"potentialAction\":[{\"@type\":\"SearchAction\",\"target\":{\"@type\":\"EntryPoint\",\"urlTemplate\":\"https:\/\/monogram.com.hr\/?s={search_term_string}\"},\"query-input\":\"required name=search_term_string\"}],\"inLanguage\":\"en-GB\"},{\"@type\":\"Organization\",\"@id\":\"https:\/\/monogram.com.hr\/#organization\",\"name\":\"Monogram\",\"url\":\"https:\/\/monogram.com.hr\/\",\"logo\":{\"@type\":\"ImageObject\",\"inLanguage\":\"en-GB\",\"@id\":\"https:\/\/monogram.com.hr\/#\/schema\/logo\/image\/\",\"url\":\"https:\/\/monogram.com.hr\/wp-content\/uploads\/2024\/03\/logo.svg\",\"contentUrl\":\"https:\/\/monogram.com.hr\/wp-content\/uploads\/2024\/03\/logo.svg\",\"width\":1151,\"height\":396,\"caption\":\"Monogram\"},\"image\":{\"@id\":\"https:\/\/monogram.com.hr\/#\/schema\/logo\/image\/\"}}]}<\/script>\n<!-- \/ Yoast SEO plugin. -->","yoast_head_json":{"title":"Stru\u010dno i profesionalno prevo\u0111enje","description":"Stru\u010dno i profesionalno prevo\u0111enje je proces prijevoda s jednog jezika na drugi uz zadr\u017eavanje njihove izvorne su\u0161tine, konteksta i stila.","robots":{"index":"index","follow":"follow","max-snippet":"max-snippet:-1","max-image-preview":"max-image-preview:large","max-video-preview":"max-video-preview:-1"},"canonical":"https:\/\/monogram.com.hr\/en\/usluge\/strucno-i-profesionalno-prevodenje\/","og_locale":"en_GB","og_type":"article","og_title":"Stru\u010dno i profesionalno prevo\u0111enje","og_description":"Stru\u010dno i profesionalno prevo\u0111enje je proces prijevoda s jednog jezika na drugi uz zadr\u017eavanje njihove izvorne su\u0161tine, konteksta i stila.","og_url":"https:\/\/monogram.com.hr\/en\/usluge\/strucno-i-profesionalno-prevodenje\/","og_site_name":"Monogram","article_modified_time":"2024-07-08T17:24:25+00:00","og_image":[{"width":1920,"height":800,"url":"https:\/\/monogram.com.hr\/wp-content\/uploads\/2020\/11\/blog-1.jpg","type":"image\/jpeg"}],"twitter_card":"summary_large_image","twitter_misc":{"Estimated reading time":"3 minutes"},"schema":{"@context":"https:\/\/schema.org","@graph":[{"@type":"WebPage","@id":"https:\/\/monogram.com.hr\/usluge\/strucno-i-profesionalno-prevodenje\/","url":"https:\/\/monogram.com.hr\/usluge\/strucno-i-profesionalno-prevodenje\/","name":"Stru\u010dno i profesionalno prevo\u0111enje","isPartOf":{"@id":"https:\/\/monogram.com.hr\/#website"},"primaryImageOfPage":{"@id":"https:\/\/monogram.com.hr\/usluge\/strucno-i-profesionalno-prevodenje\/#primaryimage"},"image":{"@id":"https:\/\/monogram.com.hr\/usluge\/strucno-i-profesionalno-prevodenje\/#primaryimage"},"thumbnailUrl":"https:\/\/monogram.com.hr\/wp-content\/uploads\/2020\/11\/blog-1.jpg","datePublished":"2024-04-14T06:59:53+00:00","dateModified":"2024-07-08T17:24:25+00:00","description":"Stru\u010dno i profesionalno prevo\u0111enje je proces prijevoda s jednog jezika na drugi uz zadr\u017eavanje njihove izvorne su\u0161tine, konteksta i stila.","breadcrumb":{"@id":"https:\/\/monogram.com.hr\/usluge\/strucno-i-profesionalno-prevodenje\/#breadcrumb"},"inLanguage":"en-GB","potentialAction":[{"@type":"ReadAction","target":["https:\/\/monogram.com.hr\/usluge\/strucno-i-profesionalno-prevodenje\/"]}]},{"@type":"ImageObject","inLanguage":"en-GB","@id":"https:\/\/monogram.com.hr\/usluge\/strucno-i-profesionalno-prevodenje\/#primaryimage","url":"https:\/\/monogram.com.hr\/wp-content\/uploads\/2020\/11\/blog-1.jpg","contentUrl":"https:\/\/monogram.com.hr\/wp-content\/uploads\/2020\/11\/blog-1.jpg","width":1920,"height":800},{"@type":"BreadcrumbList","@id":"https:\/\/monogram.com.hr\/usluge\/strucno-i-profesionalno-prevodenje\/#breadcrumb","itemListElement":[{"@type":"ListItem","position":1,"name":"Po\u010detna stranica","item":"https:\/\/monogram.com.hr\/"},{"@type":"ListItem","position":2,"name":"Usluge","item":"https:\/\/monogram.com.hr\/usluge\/"},{"@type":"ListItem","position":3,"name":"Usmeno prevo\u0111enje"}]},{"@type":"WebSite","@id":"https:\/\/monogram.com.hr\/#website","url":"https:\/\/monogram.com.hr\/","name":"Monogram","description":"Sigurnost u svakom prijevodu","publisher":{"@id":"https:\/\/monogram.com.hr\/#organization"},"potentialAction":[{"@type":"SearchAction","target":{"@type":"EntryPoint","urlTemplate":"https:\/\/monogram.com.hr\/?s={search_term_string}"},"query-input":"required name=search_term_string"}],"inLanguage":"en-GB"},{"@type":"Organization","@id":"https:\/\/monogram.com.hr\/#organization","name":"Monogram","url":"https:\/\/monogram.com.hr\/","logo":{"@type":"ImageObject","inLanguage":"en-GB","@id":"https:\/\/monogram.com.hr\/#\/schema\/logo\/image\/","url":"https:\/\/monogram.com.hr\/wp-content\/uploads\/2024\/03\/logo.svg","contentUrl":"https:\/\/monogram.com.hr\/wp-content\/uploads\/2024\/03\/logo.svg","width":1151,"height":396,"caption":"Monogram"},"image":{"@id":"https:\/\/monogram.com.hr\/#\/schema\/logo\/image\/"}}]}},"_links":{"self":[{"href":"https:\/\/monogram.com.hr\/en\/wp-json\/wp\/v2\/pages\/3545","targetHints":{"allow":["GET"]}}],"collection":[{"href":"https:\/\/monogram.com.hr\/en\/wp-json\/wp\/v2\/pages"}],"about":[{"href":"https:\/\/monogram.com.hr\/en\/wp-json\/wp\/v2\/types\/page"}],"author":[{"embeddable":true,"href":"https:\/\/monogram.com.hr\/en\/wp-json\/wp\/v2\/users\/1"}],"replies":[{"embeddable":true,"href":"https:\/\/monogram.com.hr\/en\/wp-json\/wp\/v2\/comments?post=3545"}],"version-history":[{"count":7,"href":"https:\/\/monogram.com.hr\/en\/wp-json\/wp\/v2\/pages\/3545\/revisions"}],"predecessor-version":[{"id":4025,"href":"https:\/\/monogram.com.hr\/en\/wp-json\/wp\/v2\/pages\/3545\/revisions\/4025"}],"up":[{"embeddable":true,"href":"https:\/\/monogram.com.hr\/en\/wp-json\/wp\/v2\/pages\/3351"}],"wp:featuredmedia":[{"embeddable":true,"href":"https:\/\/monogram.com.hr\/en\/wp-json\/wp\/v2\/media\/471"}],"wp:attachment":[{"href":"https:\/\/monogram.com.hr\/en\/wp-json\/wp\/v2\/media?parent=3545"}],"curies":[{"name":"wp","href":"https:\/\/api.w.org\/{rel}","templated":true}]}}