{"id":3553,"date":"2024-04-14T09:02:50","date_gmt":"2024-04-14T07:02:50","guid":{"rendered":"https:\/\/app.monogram.test\/?page_id=3553"},"modified":"2024-07-08T19:25:23","modified_gmt":"2024-07-08T17:25:23","slug":"prevodenje-pravnih-tekstova","status":"publish","type":"page","link":"https:\/\/monogram.com.hr\/en\/usluge\/prevodenje-pravnih-tekstova\/","title":{"rendered":"Legal translation"},"content":{"rendered":"<h2 class=\"wp-block-heading\">What does legal text translation entail?<\/h2>\n\n\n\n<p>Translating legal texts is an exceptionally demanding discipline that requires high expertise and precision. Legal texts, including laws, contracts, judgments, and other legal documents, often contain specific language, technical terms, and legal concepts that must be conveyed with maximum accuracy to avoid legal misunderstandings and confusion.<\/p>\n\n\n\n<p>The importance of quality legal translation lies in preserving the legal security and validity of documents. Legal texts often reflect the cultural and legal specificities of a particular country or region. Poorly translated legal texts can result in serious legal consequences, including loss of rights, financial losses, or failure to comply with legal obligations. Therefore, a quality translation of legal texts is crucial for maintaining the integrity of the legal system, ensuring that parties in the legal process clearly understand the terms and obligations.<\/p>\n\n\n\n<p><strong>METHOD AND PLACE OF DELIVERY OF TRANSLATIONS<\/strong><br>Our court interpreters deliver certified translations to clients at our office at Sjenjak 103, Osijek, at an agreed time.<\/p>\n\n\n\n<p><strong>TRANSLATION DELIVERY TIME<\/strong><br>The client and the court interpreters agree on the delivery time for the translations. Smaller translations are delivered within a day or two. In urgent cases, we can deliver even faster.<\/p>","protected":false},"excerpt":{"rendered":"<p>\u0160to podrazumijeva prijevod pravnih tekstova? Prevo\u0111enje pravnih tekstova je izuzetno zahtjevna disciplina koja zahtijeva visoku stru\u010dnost i preciznost. Pravni tekstovi, uklju\u010duju\u0107i zakone, ugovore, presude i druge pravne dokumente, \u010desto sadr\u017ee specifi\u010dan jezik, tehni\u010dke termine i pravne koncepte koji se moraju&#8230;<\/p>","protected":false},"author":1,"featured_media":468,"parent":3351,"menu_order":5,"comment_status":"closed","ping_status":"closed","template":"page-usluge.php","meta":{"footnotes":""},"class_list":["post-3553","page","type-page","status-publish","has-post-thumbnail","hentry"],"yoast_head":"<!-- This site is optimized with the Yoast SEO plugin v22.8 - https:\/\/yoast.com\/wordpress\/plugins\/seo\/ -->\n<title>Prijevod pravnih tekstova | Zakoni, ugovori, presude<\/title>\n<meta name=\"description\" content=\"Pru\u017eamo kvalitetno prevo\u0111enje pravnih tekstova koje se ogleda u o\u010duvanju pravne sigurnosti i valjanosti dokumenata (zakoni, ugovori, presude).\" \/>\n<meta name=\"robots\" content=\"index, follow, max-snippet:-1, max-image-preview:large, max-video-preview:-1\" \/>\n<link rel=\"canonical\" href=\"https:\/\/monogram.com.hr\/en\/usluge\/prevodenje-pravnih-tekstova\/\" \/>\n<meta property=\"og:locale\" content=\"en_GB\" \/>\n<meta property=\"og:type\" content=\"article\" \/>\n<meta property=\"og:title\" content=\"Prijevod pravnih tekstova | Zakoni, ugovori, presude\" \/>\n<meta property=\"og:description\" content=\"Pru\u017eamo kvalitetno prevo\u0111enje pravnih tekstova koje se ogleda u o\u010duvanju pravne sigurnosti i valjanosti dokumenata (zakoni, ugovori, presude).\" \/>\n<meta property=\"og:url\" content=\"https:\/\/monogram.com.hr\/en\/usluge\/prevodenje-pravnih-tekstova\/\" \/>\n<meta property=\"og:site_name\" content=\"Monogram\" \/>\n<meta property=\"article:modified_time\" content=\"2024-07-08T17:25:23+00:00\" \/>\n<meta property=\"og:image\" content=\"https:\/\/monogram.com.hr\/wp-content\/uploads\/2020\/11\/blog-9.jpg\" \/>\n\t<meta property=\"og:image:width\" content=\"1920\" \/>\n\t<meta property=\"og:image:height\" content=\"800\" \/>\n\t<meta property=\"og:image:type\" content=\"image\/jpeg\" \/>\n<meta name=\"twitter:card\" content=\"summary_large_image\" \/>\n<meta name=\"twitter:label1\" content=\"Estimated reading time\" \/>\n\t<meta name=\"twitter:data1\" content=\"2 minutes\" \/>\n<script type=\"application\/ld+json\" class=\"yoast-schema-graph\">{\"@context\":\"https:\/\/schema.org\",\"@graph\":[{\"@type\":\"WebPage\",\"@id\":\"https:\/\/monogram.com.hr\/usluge\/prevodenje-pravnih-tekstova\/\",\"url\":\"https:\/\/monogram.com.hr\/usluge\/prevodenje-pravnih-tekstova\/\",\"name\":\"Prijevod pravnih tekstova | Zakoni, ugovori, presude\",\"isPartOf\":{\"@id\":\"https:\/\/monogram.com.hr\/#website\"},\"primaryImageOfPage\":{\"@id\":\"https:\/\/monogram.com.hr\/usluge\/prevodenje-pravnih-tekstova\/#primaryimage\"},\"image\":{\"@id\":\"https:\/\/monogram.com.hr\/usluge\/prevodenje-pravnih-tekstova\/#primaryimage\"},\"thumbnailUrl\":\"https:\/\/monogram.com.hr\/wp-content\/uploads\/2020\/11\/blog-9.jpg\",\"datePublished\":\"2024-04-14T07:02:50+00:00\",\"dateModified\":\"2024-07-08T17:25:23+00:00\",\"description\":\"Pru\u017eamo kvalitetno prevo\u0111enje pravnih tekstova koje se ogleda u o\u010duvanju pravne sigurnosti i valjanosti dokumenata (zakoni, ugovori, presude).\",\"breadcrumb\":{\"@id\":\"https:\/\/monogram.com.hr\/usluge\/prevodenje-pravnih-tekstova\/#breadcrumb\"},\"inLanguage\":\"en-GB\",\"potentialAction\":[{\"@type\":\"ReadAction\",\"target\":[\"https:\/\/monogram.com.hr\/usluge\/prevodenje-pravnih-tekstova\/\"]}]},{\"@type\":\"ImageObject\",\"inLanguage\":\"en-GB\",\"@id\":\"https:\/\/monogram.com.hr\/usluge\/prevodenje-pravnih-tekstova\/#primaryimage\",\"url\":\"https:\/\/monogram.com.hr\/wp-content\/uploads\/2020\/11\/blog-9.jpg\",\"contentUrl\":\"https:\/\/monogram.com.hr\/wp-content\/uploads\/2020\/11\/blog-9.jpg\",\"width\":1920,\"height\":800},{\"@type\":\"BreadcrumbList\",\"@id\":\"https:\/\/monogram.com.hr\/usluge\/prevodenje-pravnih-tekstova\/#breadcrumb\",\"itemListElement\":[{\"@type\":\"ListItem\",\"position\":1,\"name\":\"Po\u010detna stranica\",\"item\":\"https:\/\/monogram.com.hr\/\"},{\"@type\":\"ListItem\",\"position\":2,\"name\":\"Usluge\",\"item\":\"https:\/\/monogram.com.hr\/usluge\/\"},{\"@type\":\"ListItem\",\"position\":3,\"name\":\"Prevo\u0111enje pravnih tekstova\"}]},{\"@type\":\"WebSite\",\"@id\":\"https:\/\/monogram.com.hr\/#website\",\"url\":\"https:\/\/monogram.com.hr\/\",\"name\":\"Monogram\",\"description\":\"Sigurnost u svakom prijevodu\",\"publisher\":{\"@id\":\"https:\/\/monogram.com.hr\/#organization\"},\"potentialAction\":[{\"@type\":\"SearchAction\",\"target\":{\"@type\":\"EntryPoint\",\"urlTemplate\":\"https:\/\/monogram.com.hr\/?s={search_term_string}\"},\"query-input\":\"required name=search_term_string\"}],\"inLanguage\":\"en-GB\"},{\"@type\":\"Organization\",\"@id\":\"https:\/\/monogram.com.hr\/#organization\",\"name\":\"Monogram\",\"url\":\"https:\/\/monogram.com.hr\/\",\"logo\":{\"@type\":\"ImageObject\",\"inLanguage\":\"en-GB\",\"@id\":\"https:\/\/monogram.com.hr\/#\/schema\/logo\/image\/\",\"url\":\"https:\/\/monogram.com.hr\/wp-content\/uploads\/2024\/03\/logo.svg\",\"contentUrl\":\"https:\/\/monogram.com.hr\/wp-content\/uploads\/2024\/03\/logo.svg\",\"width\":1151,\"height\":396,\"caption\":\"Monogram\"},\"image\":{\"@id\":\"https:\/\/monogram.com.hr\/#\/schema\/logo\/image\/\"}}]}<\/script>\n<!-- \/ Yoast SEO plugin. -->","yoast_head_json":{"title":"Prijevod pravnih tekstova | Zakoni, ugovori, presude","description":"Pru\u017eamo kvalitetno prevo\u0111enje pravnih tekstova koje se ogleda u o\u010duvanju pravne sigurnosti i valjanosti dokumenata (zakoni, ugovori, presude).","robots":{"index":"index","follow":"follow","max-snippet":"max-snippet:-1","max-image-preview":"max-image-preview:large","max-video-preview":"max-video-preview:-1"},"canonical":"https:\/\/monogram.com.hr\/en\/usluge\/prevodenje-pravnih-tekstova\/","og_locale":"en_GB","og_type":"article","og_title":"Prijevod pravnih tekstova | Zakoni, ugovori, presude","og_description":"Pru\u017eamo kvalitetno prevo\u0111enje pravnih tekstova koje se ogleda u o\u010duvanju pravne sigurnosti i valjanosti dokumenata (zakoni, ugovori, presude).","og_url":"https:\/\/monogram.com.hr\/en\/usluge\/prevodenje-pravnih-tekstova\/","og_site_name":"Monogram","article_modified_time":"2024-07-08T17:25:23+00:00","og_image":[{"width":1920,"height":800,"url":"https:\/\/monogram.com.hr\/wp-content\/uploads\/2020\/11\/blog-9.jpg","type":"image\/jpeg"}],"twitter_card":"summary_large_image","twitter_misc":{"Estimated reading time":"2 minutes"},"schema":{"@context":"https:\/\/schema.org","@graph":[{"@type":"WebPage","@id":"https:\/\/monogram.com.hr\/usluge\/prevodenje-pravnih-tekstova\/","url":"https:\/\/monogram.com.hr\/usluge\/prevodenje-pravnih-tekstova\/","name":"Prijevod pravnih tekstova | Zakoni, ugovori, presude","isPartOf":{"@id":"https:\/\/monogram.com.hr\/#website"},"primaryImageOfPage":{"@id":"https:\/\/monogram.com.hr\/usluge\/prevodenje-pravnih-tekstova\/#primaryimage"},"image":{"@id":"https:\/\/monogram.com.hr\/usluge\/prevodenje-pravnih-tekstova\/#primaryimage"},"thumbnailUrl":"https:\/\/monogram.com.hr\/wp-content\/uploads\/2020\/11\/blog-9.jpg","datePublished":"2024-04-14T07:02:50+00:00","dateModified":"2024-07-08T17:25:23+00:00","description":"Pru\u017eamo kvalitetno prevo\u0111enje pravnih tekstova koje se ogleda u o\u010duvanju pravne sigurnosti i valjanosti dokumenata (zakoni, ugovori, presude).","breadcrumb":{"@id":"https:\/\/monogram.com.hr\/usluge\/prevodenje-pravnih-tekstova\/#breadcrumb"},"inLanguage":"en-GB","potentialAction":[{"@type":"ReadAction","target":["https:\/\/monogram.com.hr\/usluge\/prevodenje-pravnih-tekstova\/"]}]},{"@type":"ImageObject","inLanguage":"en-GB","@id":"https:\/\/monogram.com.hr\/usluge\/prevodenje-pravnih-tekstova\/#primaryimage","url":"https:\/\/monogram.com.hr\/wp-content\/uploads\/2020\/11\/blog-9.jpg","contentUrl":"https:\/\/monogram.com.hr\/wp-content\/uploads\/2020\/11\/blog-9.jpg","width":1920,"height":800},{"@type":"BreadcrumbList","@id":"https:\/\/monogram.com.hr\/usluge\/prevodenje-pravnih-tekstova\/#breadcrumb","itemListElement":[{"@type":"ListItem","position":1,"name":"Po\u010detna stranica","item":"https:\/\/monogram.com.hr\/"},{"@type":"ListItem","position":2,"name":"Usluge","item":"https:\/\/monogram.com.hr\/usluge\/"},{"@type":"ListItem","position":3,"name":"Prevo\u0111enje pravnih tekstova"}]},{"@type":"WebSite","@id":"https:\/\/monogram.com.hr\/#website","url":"https:\/\/monogram.com.hr\/","name":"Monogram","description":"Sigurnost u svakom prijevodu","publisher":{"@id":"https:\/\/monogram.com.hr\/#organization"},"potentialAction":[{"@type":"SearchAction","target":{"@type":"EntryPoint","urlTemplate":"https:\/\/monogram.com.hr\/?s={search_term_string}"},"query-input":"required name=search_term_string"}],"inLanguage":"en-GB"},{"@type":"Organization","@id":"https:\/\/monogram.com.hr\/#organization","name":"Monogram","url":"https:\/\/monogram.com.hr\/","logo":{"@type":"ImageObject","inLanguage":"en-GB","@id":"https:\/\/monogram.com.hr\/#\/schema\/logo\/image\/","url":"https:\/\/monogram.com.hr\/wp-content\/uploads\/2024\/03\/logo.svg","contentUrl":"https:\/\/monogram.com.hr\/wp-content\/uploads\/2024\/03\/logo.svg","width":1151,"height":396,"caption":"Monogram"},"image":{"@id":"https:\/\/monogram.com.hr\/#\/schema\/logo\/image\/"}}]}},"_links":{"self":[{"href":"https:\/\/monogram.com.hr\/en\/wp-json\/wp\/v2\/pages\/3553","targetHints":{"allow":["GET"]}}],"collection":[{"href":"https:\/\/monogram.com.hr\/en\/wp-json\/wp\/v2\/pages"}],"about":[{"href":"https:\/\/monogram.com.hr\/en\/wp-json\/wp\/v2\/types\/page"}],"author":[{"embeddable":true,"href":"https:\/\/monogram.com.hr\/en\/wp-json\/wp\/v2\/users\/1"}],"replies":[{"embeddable":true,"href":"https:\/\/monogram.com.hr\/en\/wp-json\/wp\/v2\/comments?post=3553"}],"version-history":[{"count":6,"href":"https:\/\/monogram.com.hr\/en\/wp-json\/wp\/v2\/pages\/3553\/revisions"}],"predecessor-version":[{"id":4026,"href":"https:\/\/monogram.com.hr\/en\/wp-json\/wp\/v2\/pages\/3553\/revisions\/4026"}],"up":[{"embeddable":true,"href":"https:\/\/monogram.com.hr\/en\/wp-json\/wp\/v2\/pages\/3351"}],"wp:featuredmedia":[{"embeddable":true,"href":"https:\/\/monogram.com.hr\/en\/wp-json\/wp\/v2\/media\/468"}],"wp:attachment":[{"href":"https:\/\/monogram.com.hr\/en\/wp-json\/wp\/v2\/media?parent=3553"}],"curies":[{"name":"wp","href":"https:\/\/api.w.org\/{rel}","templated":true}]}}